{"id":38,"date":"2011-04-19T11:18:11","date_gmt":"2011-04-19T14:18:11","guid":{"rendered":"http:\/\/g1assessoria.com.br\/site\/?page_id=38"},"modified":"2023-06-20T10:30:33","modified_gmt":"2023-06-20T13:30:33","slug":"orcamento","status":"publish","type":"page","link":"https:\/\/g1assessoria.com.br\/site\/orcamento\/","title":{"rendered":"Or\u00e7amento"},"content":{"rendered":"<h1><\/h1>\n<h1><a href=\"https:\/\/wa.me\/5562981539349\" target=\"_blank\" rel=\"noopener noreferrer\"><img loading=\"lazy\" decoding=\"async\" class=\"alignnone size-full wp-image-788\" src=\"https:\/\/g1assessoria.com.br\/site\/wp-content\/uploads\/2020\/05\/whats-atendimento.png\" alt=\"\" width=\"250\" height=\"51\" \/><\/a><\/h1>\n","protected":false},"excerpt":{"rendered":"<p>Clique aqui e fa\u00e7a seu or\u00e7amento sem compromisso.<\/p>\n","protected":false},"author":1,"featured_media":0,"parent":0,"menu_order":0,"comment_status":"open","ping_status":"open","template":"","meta":{"_aioseo_title":"Or\u00e7amento contabilidade Goi\u00e2nia","_aioseo_description":"Clique aqui e fa\u00e7a seu or\u00e7amento sem compromisso.","_joinchat":[],"footnotes":""},"class_list":["post-38","page","type-page","status-publish"],"_links":{"self":[{"href":"https:\/\/g1assessoria.com.br\/site\/wp-json\/wp\/v2\/pages\/38","targetHints":{"allow":["GET"]}}],"collection":[{"href":"https:\/\/g1assessoria.com.br\/site\/wp-json\/wp\/v2\/pages"}],"about":[{"href":"https:\/\/g1assessoria.com.br\/site\/wp-json\/wp\/v2\/types\/page"}],"author":[{"embeddable":true,"href":"https:\/\/g1assessoria.com.br\/site\/wp-json\/wp\/v2\/users\/1"}],"replies":[{"embeddable":true,"href":"https:\/\/g1assessoria.com.br\/site\/wp-json\/wp\/v2\/comments?post=38"}],"version-history":[{"count":4,"href":"https:\/\/g1assessoria.com.br\/site\/wp-json\/wp\/v2\/pages\/38\/revisions"}],"predecessor-version":[{"id":871,"href":"https:\/\/g1assessoria.com.br\/site\/wp-json\/wp\/v2\/pages\/38\/revisions\/871"}],"wp:attachment":[{"href":"https:\/\/g1assessoria.com.br\/site\/wp-json\/wp\/v2\/media?parent=38"}],"curies":[{"name":"wp","href":"https:\/\/api.w.org\/{rel}","templated":true}]}}