{"id":16,"date":"2011-04-19T10:42:56","date_gmt":"2011-04-19T13:42:56","guid":{"rendered":"http:\/\/g1assessoria.com.br\/site\/?page_id=16"},"modified":"2023-06-20T10:27:55","modified_gmt":"2023-06-20T13:27:55","slug":"contatos","status":"publish","type":"page","link":"https:\/\/g1assessoria.com.br\/site\/contatos\/","title":{"rendered":"Contato"},"content":{"rendered":"<p><a href=\"https:\/\/wa.me\/5562981539349\" target=\"_blank\" rel=\"noopener noreferrer\"><img loading=\"lazy\" decoding=\"async\" class=\"alignnone size-full wp-image-788\" src=\"https:\/\/g1assessoria.com.br\/site\/wp-content\/uploads\/2020\/05\/whats-atendimento.png\" alt=\"\" width=\"250\" height=\"51\" \/><\/a><\/p>\n","protected":false},"excerpt":{"rendered":"<p>Em caso de d\u00favidas, cr\u00edticas ou sugest\u00f5es&#8230; entre em contato conosco pelo formul\u00e1rio ou pelo fone  62 9.8153.9349<\/p>\n","protected":false},"author":1,"featured_media":0,"parent":0,"menu_order":0,"comment_status":"open","ping_status":"open","template":"","meta":{"_aioseo_title":"Contatos - G1 Assessoria Empresarial","_aioseo_description":"Em caso de d\u00favidas, cr\u00edticas ou sugest\u00f5es... entre em contato conosco pelo formul\u00e1rio ou pelo fone  62 9.8153.9349","_joinchat":[],"footnotes":""},"class_list":["post-16","page","type-page","status-publish"],"_links":{"self":[{"href":"https:\/\/g1assessoria.com.br\/site\/wp-json\/wp\/v2\/pages\/16","targetHints":{"allow":["GET"]}}],"collection":[{"href":"https:\/\/g1assessoria.com.br\/site\/wp-json\/wp\/v2\/pages"}],"about":[{"href":"https:\/\/g1assessoria.com.br\/site\/wp-json\/wp\/v2\/types\/page"}],"author":[{"embeddable":true,"href":"https:\/\/g1assessoria.com.br\/site\/wp-json\/wp\/v2\/users\/1"}],"replies":[{"embeddable":true,"href":"https:\/\/g1assessoria.com.br\/site\/wp-json\/wp\/v2\/comments?post=16"}],"version-history":[{"count":7,"href":"https:\/\/g1assessoria.com.br\/site\/wp-json\/wp\/v2\/pages\/16\/revisions"}],"predecessor-version":[{"id":870,"href":"https:\/\/g1assessoria.com.br\/site\/wp-json\/wp\/v2\/pages\/16\/revisions\/870"}],"wp:attachment":[{"href":"https:\/\/g1assessoria.com.br\/site\/wp-json\/wp\/v2\/media?parent=16"}],"curies":[{"name":"wp","href":"https:\/\/api.w.org\/{rel}","templated":true}]}}